{"id":423,"date":"2024-11-24T21:35:30","date_gmt":"2024-11-24T21:35:30","guid":{"rendered":"https:\/\/termocold.rs\/?page_id=423"},"modified":"2026-03-17T22:11:34","modified_gmt":"2026-03-17T22:11:34","slug":"kontakt","status":"publish","type":"page","link":"https:\/\/termocold.rs\/?page_id=423","title":{"rendered":"Kontakt"},"content":{"rendered":"<p>[et_pb_section fb_built=&#8221;1&#8243; _builder_version=&#8221;4.26.0&#8243; _module_preset=&#8221;default&#8221; background_color=&#8221;#000000&#8243; use_background_color_gradient=&#8221;on&#8221; background_color_gradient_stops=&#8221;#000000 0%|#00b6ff 100%&#8221; background_enable_image=&#8221;off&#8221; module_alignment=&#8221;left&#8221; custom_padding=&#8221;||0px|||&#8221; global_colors_info=&#8221;{}&#8221;][et_pb_row _builder_version=&#8221;4.25.2&#8243; _module_preset=&#8221;default&#8221; custom_margin=&#8221;26px|auto||auto||&#8221; custom_padding=&#8221;||81px|||&#8221; global_colors_info=&#8221;{}&#8221;][et_pb_column type=&#8221;4_4&#8243; _builder_version=&#8221;4.25.2&#8243; _module_preset=&#8221;default&#8221; global_colors_info=&#8221;{}&#8221;][et_pb_image src=&#8221;https:\/\/termocold.rs\/wp-content\/uploads\/2024\/07\/b85ec912-4ca7-4940-b08b-6c1e3a669d5a.png&#8221; alt=&#8221;Termo cold klimatizacija ventilacija grejanje&#8221; title_text=&#8221;b85ec912-4ca7-4940-b08b-6c1e3a669d5a&#8221; force_fullwidth=&#8221;on&#8221; _builder_version=&#8221;4.26.0&#8243; _module_preset=&#8221;default&#8221; background_enable_color=&#8221;off&#8221; module_alignment=&#8221;center&#8221; global_colors_info=&#8221;{}&#8221;][\/et_pb_image][\/et_pb_column][\/et_pb_row][\/et_pb_section][et_pb_section fb_built=&#8221;1&#8243; admin_label=&#8221;Products&#8221; _builder_version=&#8221;4.27.0&#8243; _module_preset=&#8221;default&#8221; background_color=&#8221;gcid-c67e4c14-9f9a-4541-bcfb-a3dbe227e267&#8243; use_background_color_gradient=&#8221;on&#8221; background_color_gradient_stops=&#8221;#00b6ff 0%|#000000 100%&#8221; custom_margin=&#8221;-12px|||||&#8221; custom_padding=&#8221;0px|||||&#8221; collapsed=&#8221;on&#8221; global_colors_info=&#8221;{%22gcid-c67e4c14-9f9a-4541-bcfb-a3dbe227e267%22:%91%22background_color%22%93}&#8221;][et_pb_row column_structure=&#8221;1_2,1_2&#8243; _builder_version=&#8221;4.27.2&#8243; _module_preset=&#8221;default&#8221; custom_margin=&#8221;-7px|auto||auto||&#8221; custom_padding=&#8221;||13px|||&#8221; global_colors_info=&#8221;{}&#8221;][et_pb_column type=&#8221;1_2&#8243; _builder_version=&#8221;4.22.1&#8243; _module_preset=&#8221;default&#8221; global_colors_info=&#8221;{}&#8221;][et_pb_text _builder_version=&#8221;4.27.2&#8243; _module_preset=&#8221;681c571f-7001-4683-a567-9b1f66aad435&#8243; header_2_text_align=&#8221;left&#8221; header_2_text_color=&#8221;#FFFFFF&#8221; header_2_font_size=&#8221;44px&#8221; text_orientation=&#8221;center&#8221; custom_margin=&#8221;45px|||||&#8221; animation_style=&#8221;fold&#8221; header_2_font_size_phone=&#8221;23px&#8221; global_colors_info=&#8221;{}&#8221;]<\/p>\n<h2>Pozovite nas:<\/h2>\n<p>[\/et_pb_text][\/et_pb_column][et_pb_column type=&#8221;1_2&#8243; _builder_version=&#8221;4.22.1&#8243; _module_preset=&#8221;default&#8221; global_colors_info=&#8221;{}&#8221;][et_pb_text _builder_version=&#8221;4.27.2&#8243; _module_preset=&#8221;681c571f-7001-4683-a567-9b1f66aad435&#8243; header_2_text_align=&#8221;left&#8221; header_2_text_color=&#8221;#FFFFFF&#8221; header_2_font_size=&#8221;39px&#8221; text_orientation=&#8221;center&#8221; custom_margin=&#8221;45px|||||&#8221; animation_style=&#8221;fold&#8221; global_colors_info=&#8221;{}&#8221;]<\/p>\n<h2><a href=\"Tel:+381113960025\">+381 11 3960 025<\/a><\/h2>\n<p>[\/et_pb_text][et_pb_text _builder_version=&#8221;4.27.2&#8243; _module_preset=&#8221;681c571f-7001-4683-a567-9b1f66aad435&#8243; header_2_text_align=&#8221;left&#8221; header_2_text_color=&#8221;#FFFFFF&#8221; header_2_font_size=&#8221;39px&#8221; text_orientation=&#8221;center&#8221; custom_margin=&#8221;45px|||||&#8221; animation_style=&#8221;fold&#8221; global_colors_info=&#8221;{}&#8221;]<\/p>\n<h2><a href=\"Tel:+381113960035\">+381 11 3960 035<\/a><\/h2>\n<p>[\/et_pb_text][\/et_pb_column][\/et_pb_row][et_pb_row _builder_version=&#8221;4.25.2&#8243; _module_preset=&#8221;default&#8221; custom_padding=&#8221;147px||27px|||&#8221; global_colors_info=&#8221;{}&#8221;][et_pb_column type=&#8221;4_4&#8243; _builder_version=&#8221;4.22.1&#8243; _module_preset=&#8221;default&#8221; global_colors_info=&#8221;{}&#8221;][et_pb_text _builder_version=&#8221;4.27.2&#8243; _module_preset=&#8221;cf095dd4-a7ad-4cde-9aa0-e9781ec0825d&#8221; header_3_text_color=&#8221;#FFFFFF&#8221; header_3_font_size=&#8221;25px&#8221; custom_margin=&#8221;-60px|||||&#8221; custom_padding=&#8221;||19px|||&#8221; animation_style=&#8221;bounce&#8221; global_colors_info=&#8221;{}&#8221;]<\/p>\n<h3>Posetite nas u Du\u0161anova\u010dkoj 11, u Beogradu<\/h3>\n<p>[\/et_pb_text][et_pb_code _builder_version=&#8221;4.26.0&#8243; _module_preset=&#8221;default&#8221; custom_margin=&#8221;-32px|-26px|-24px|-25px||&#8221; custom_margin_tablet=&#8221;-32px|-26px|-24px|-25px||&#8221; custom_margin_phone=&#8221;|0px||0px|false|false&#8221; custom_margin_last_edited=&#8221;on|phone&#8221; custom_padding=&#8221;|||0px||&#8221; border_radii=&#8221;on|20px|20px|20px|20px&#8221; global_colors_info=&#8221;{}&#8221;]<iframe src=\"https:\/\/www.google.com\/maps\/embed?pb=!1m18!1m12!1m3!1d2831.9772239317003!2d20.486834575289745!3d44.78126967107095!2m3!1f0!2f0!3f0!3m2!1i1024!2i768!4f13.1!3m3!1m2!1s0x475a708ae0e05dd9%3A0x5955095e13f3fed3!2zRHXFoWFub3ZhxI1rYSAxMSwgQmVvZ3JhZA!5e0!3m2!1sen!2srs!4v1719945663201!5m2!1sen!2srs\" width=\"1200\" height=\"600\" style=\"border:0;\" allowfullscreen=\"\" loading=\"lazy\" referrerpolicy=\"no-referrer-when-downgrade\"><\/iframe>[\/et_pb_code][\/et_pb_column][\/et_pb_row][\/et_pb_section][et_pb_section fb_built=&#8221;1&#8243; admin_label=&#8221;Products&#8221; _builder_version=&#8221;4.27.6&#8243; _module_preset=&#8221;default&#8221; background_color=&#8221;gcid-c67e4c14-9f9a-4541-bcfb-a3dbe227e267&#8243; use_background_color_gradient=&#8221;on&#8221; background_color_gradient_direction=&#8221;1deg&#8221; background_color_gradient_stops=&#8221;#00b6ff 0%|#000000 100%&#8221; custom_margin=&#8221;-12px|||||&#8221; custom_padding=&#8221;0px|||||&#8221; collapsed=&#8221;on&#8221; global_colors_info=&#8221;{%22gcid-c67e4c14-9f9a-4541-bcfb-a3dbe227e267%22:%91%22background_color%22%93}&#8221;][et_pb_row _builder_version=&#8221;4.22.1&#8243; _module_preset=&#8221;default&#8221; custom_margin=&#8221;-7px|auto||auto||&#8221; global_colors_info=&#8221;{}&#8221;][et_pb_column type=&#8221;4_4&#8243; _builder_version=&#8221;4.22.1&#8243; _module_preset=&#8221;default&#8221; global_colors_info=&#8221;{}&#8221;][et_pb_text _builder_version=&#8221;4.27.6&#8243; _module_preset=&#8221;681c571f-7001-4683-a567-9b1f66aad435&#8243; header_2_text_color=&#8221;#FFFFFF&#8221; text_orientation=&#8221;center&#8221; custom_margin=&#8221;45px|||||&#8221; animation_style=&#8221;fold&#8221; header_2_font_size_phone=&#8221;23px&#8221; global_colors_info=&#8221;{}&#8221;]<\/p>\n<h2>Imate pitanje ili \u017eelite da zaka\u017eete sastanak?<\/h2>\n<p>[\/et_pb_text][et_pb_text _builder_version=&#8221;4.27.6&#8243; _module_preset=&#8221;default&#8221; sticky_enabled=&#8221;0&#8243; header_2_text_color=&#8221;#FFFFFF&#8221; text_orientation=&#8221;center&#8221; custom_margin=&#8221;45px|||||&#8221; animation_style=&#8221;fold&#8221; hover_enabled=&#8221;0&#8243;]<\/p>\n<h2><em>Izaberite jednu od ponu\u0111enih opcija kontakt forme:<\/em><\/h2>\n<p>[\/et_pb_text][\/et_pb_column][\/et_pb_row][et_pb_row column_structure=&#8221;1_2,1_2&#8243; _builder_version=&#8221;4.27.6&#8243; _module_preset=&#8221;default&#8221; global_colors_info=&#8221;{}&#8221; custom_padding=&#8221;5px|||||&#8221;][et_pb_column type=&#8221;1_2&#8243; _builder_version=&#8221;4.22.1&#8243; _module_preset=&#8221;default&#8221; global_colors_info=&#8221;{}&#8221;][et_pb_text _builder_version=&#8221;4.27.6&#8243; _dynamic_attributes=&#8221;link_option_url&#8221; _module_preset=&#8221;default&#8221; header_2_text_color=&#8221;#FFFFFF&#8221; text_orientation=&#8221;center&#8221; custom_margin=&#8221;45px|||||&#8221; animation_style=&#8221;bounce&#8221; animation_duration=&#8221;2000ms&#8221; animation_starting_opacity=&#8221;9%&#8221; link_option_url=&#8221;@ET-DC@eyJkeW5hbWljIjp0cnVlLCJjb250ZW50IjoicG9zdF9saW5rX3VybF9wYWdlIiwic2V0dGluZ3MiOnsicG9zdF9pZCI6IjU3NSJ9fQ==@&#8221; hover_enabled=&#8221;0&#8243; global_colors_info=&#8221;{}&#8221; border_width_all=&#8221;2px&#8221; border_color_all=&#8221;#FFFFFF&#8221; sticky_enabled=&#8221;0&#8243; custom_padding=&#8221;10px||||false|false&#8221;]<\/p>\n<h2><strong>UPIT ZA PONUDU \u21d3<\/strong><\/h2>\n<p>[\/et_pb_text][\/et_pb_column][et_pb_column type=&#8221;1_2&#8243; _builder_version=&#8221;4.22.1&#8243; _module_preset=&#8221;default&#8221; global_colors_info=&#8221;{}&#8221;][et_pb_text _builder_version=&#8221;4.27.6&#8243; _module_preset=&#8221;default&#8221; header_2_text_color=&#8221;#FFFFFF&#8221; text_orientation=&#8221;center&#8221; custom_margin=&#8221;45px|||||&#8221; animation_style=&#8221;bounce&#8221; animation_duration=&#8221;2000ms&#8221; animation_starting_opacity=&#8221;9%&#8221; global_colors_info=&#8221;{}&#8221; link_option_url=&#8221;@ET-DC@eyJkeW5hbWljIjp0cnVlLCJjb250ZW50IjoicG9zdF9saW5rX3VybF9wYWdlIiwic2V0dGluZ3MiOnsicG9zdF9pZCI6IjU4MiJ9fQ==@&#8221; _dynamic_attributes=&#8221;link_option_url&#8221; sticky_enabled=&#8221;0&#8243; border_width_all=&#8221;2px&#8221; border_color_all=&#8221;#FFFFFF&#8221; custom_padding=&#8221;10px||||false|false&#8221;]<\/p>\n<h2><strong>OSTALO \u21d3<\/strong><\/h2>\n<p>[\/et_pb_text][\/et_pb_column][\/et_pb_row][\/et_pb_section]<\/p>\n","protected":false},"excerpt":{"rendered":"<p>Pozovite nas:+381 11 3960 025+381 11 3960 035Posetite nas u Du\u0161anova\u010dkoj 11, u BeograduImate pitanje ili \u017eelite da zaka\u017eete sastanak?Izaberite jednu od ponu\u0111enih opcija kontakt forme:UPIT ZA PONUDU \u21d3OSTALO \u21d3<\/p>\n","protected":false},"author":1,"featured_media":0,"parent":0,"menu_order":0,"comment_status":"closed","ping_status":"closed","template":"","meta":{"_et_pb_use_builder":"on","_et_pb_old_content":"","_et_gb_content_width":"","footnotes":""},"class_list":["post-423","page","type-page","status-publish","hentry"],"yoast_head":"<!-- This site is optimized with the Yoast SEO plugin v27.2 - https:\/\/yoast.com\/product\/yoast-seo-wordpress\/ -->\n<title>Termo&amp;Cold - Ventilacija | Klimatizacija | Grejanje | HVAC | bravarija | Konstrukcija | Podkonstrukcija<\/title>\n<meta name=\"description\" content=\"Termo&amp;Cold - Ventilacija | Klimatizacija | Grejanje | HVAC | bravarija | Konstrukcija | Podkonstrukcija\" \/>\n<meta name=\"robots\" content=\"index, follow, max-snippet:-1, max-image-preview:large, max-video-preview:-1\" \/>\n<link rel=\"canonical\" href=\"https:\/\/termocold.rs\/?page_id=423\" \/>\n<meta property=\"og:locale\" content=\"en_US\" \/>\n<meta property=\"og:type\" content=\"article\" \/>\n<meta property=\"og:title\" content=\"Termo&amp;Cold - Ventilacija | Klimatizacija | Grejanje | HVAC | bravarija | Konstrukcija | Podkonstrukcija\" \/>\n<meta property=\"og:description\" content=\"Termo&amp;Cold - Ventilacija | Klimatizacija | Grejanje | HVAC | bravarija | Konstrukcija | Podkonstrukcija\" \/>\n<meta property=\"og:url\" content=\"https:\/\/termocold.rs\/?page_id=423\" \/>\n<meta property=\"og:site_name\" content=\"Termocold\" \/>\n<meta property=\"article:modified_time\" content=\"2026-03-17T22:11:34+00:00\" \/>\n<meta property=\"og:image\" content=\"https:\/\/termocold.rs\/wp-content\/uploads\/2024\/12\/Untitled-design-2024-12-10T230716.312.png\" \/>\n\t<meta property=\"og:image:width\" content=\"1200\" \/>\n\t<meta property=\"og:image:height\" content=\"675\" \/>\n\t<meta property=\"og:image:type\" content=\"image\/png\" \/>\n<meta name=\"twitter:card\" content=\"summary_large_image\" \/>\n<meta name=\"twitter:label1\" content=\"Est. reading time\" \/>\n\t<meta name=\"twitter:data1\" content=\"5 minutes\" \/>\n<script type=\"application\/ld+json\" class=\"yoast-schema-graph\">{\"@context\":\"https:\/\/schema.org\",\"@graph\":[{\"@type\":\"WebPage\",\"@id\":\"https:\/\/termocold.rs\/?page_id=423\",\"url\":\"https:\/\/termocold.rs\/?page_id=423\",\"name\":\"Termo&Cold - Ventilacija | Klimatizacija | Grejanje | HVAC | bravarija | Konstrukcija | Podkonstrukcija\",\"isPartOf\":{\"@id\":\"https:\/\/termocold.rs\/#website\"},\"datePublished\":\"2024-11-24T21:35:30+00:00\",\"dateModified\":\"2026-03-17T22:11:34+00:00\",\"description\":\"Termo&Cold - Ventilacija | Klimatizacija | Grejanje | HVAC | bravarija | Konstrukcija | Podkonstrukcija\",\"breadcrumb\":{\"@id\":\"https:\/\/termocold.rs\/?page_id=423#breadcrumb\"},\"inLanguage\":\"en-US\",\"potentialAction\":[{\"@type\":\"ReadAction\",\"target\":[\"https:\/\/termocold.rs\/?page_id=423\"]}]},{\"@type\":\"BreadcrumbList\",\"@id\":\"https:\/\/termocold.rs\/?page_id=423#breadcrumb\",\"itemListElement\":[{\"@type\":\"ListItem\",\"position\":1,\"name\":\"Home\",\"item\":\"https:\/\/termocold.rs\/\"},{\"@type\":\"ListItem\",\"position\":2,\"name\":\"Kontakt\"}]},{\"@type\":\"WebSite\",\"@id\":\"https:\/\/termocold.rs\/#website\",\"url\":\"https:\/\/termocold.rs\/\",\"name\":\"Termo&Cold - ventilacija, klimatizacija, grejanje\",\"description\":\"Ventilacija | Klimatizacija | Grejanje\",\"publisher\":{\"@id\":\"https:\/\/termocold.rs\/#organization\"},\"alternateName\":\"Ventilacija - klimatizacija - grejanje\",\"potentialAction\":[{\"@type\":\"SearchAction\",\"target\":{\"@type\":\"EntryPoint\",\"urlTemplate\":\"https:\/\/termocold.rs\/?s={search_term_string}\"},\"query-input\":{\"@type\":\"PropertyValueSpecification\",\"valueRequired\":true,\"valueName\":\"search_term_string\"}}],\"inLanguage\":\"en-US\"},{\"@type\":\"Organization\",\"@id\":\"https:\/\/termocold.rs\/#organization\",\"name\":\"Termo&Cold\",\"alternateName\":\"Termo & Cold\",\"url\":\"https:\/\/termocold.rs\/\",\"logo\":{\"@type\":\"ImageObject\",\"inLanguage\":\"en-US\",\"@id\":\"https:\/\/termocold.rs\/#\/schema\/logo\/image\/\",\"url\":\"https:\/\/termocold.rs\/wp-content\/uploads\/2024\/06\/cropped-logo-mali-1.jpg\",\"contentUrl\":\"https:\/\/termocold.rs\/wp-content\/uploads\/2024\/06\/cropped-logo-mali-1.jpg\",\"width\":512,\"height\":512,\"caption\":\"Termo&Cold\"},\"image\":{\"@id\":\"https:\/\/termocold.rs\/#\/schema\/logo\/image\/\"},\"sameAs\":[\"https:\/\/www.companywall.rs\/firma\/termocold-doo\/MMtWHNfC\",\"https:\/\/www.helloworld.rs\/kompanija\/TermoCold-d.o.o\/2857\"]}]}<\/script>\n<!-- \/ Yoast SEO plugin. -->","yoast_head_json":{"title":"Termo&Cold - Ventilacija | Klimatizacija | Grejanje | HVAC | bravarija | Konstrukcija | Podkonstrukcija","description":"Termo&Cold - Ventilacija | Klimatizacija | Grejanje | HVAC | bravarija | Konstrukcija | Podkonstrukcija","robots":{"index":"index","follow":"follow","max-snippet":"max-snippet:-1","max-image-preview":"max-image-preview:large","max-video-preview":"max-video-preview:-1"},"canonical":"https:\/\/termocold.rs\/?page_id=423","og_locale":"en_US","og_type":"article","og_title":"Termo&Cold - Ventilacija | Klimatizacija | Grejanje | HVAC | bravarija | Konstrukcija | Podkonstrukcija","og_description":"Termo&Cold - Ventilacija | Klimatizacija | Grejanje | HVAC | bravarija | Konstrukcija | Podkonstrukcija","og_url":"https:\/\/termocold.rs\/?page_id=423","og_site_name":"Termocold","article_modified_time":"2026-03-17T22:11:34+00:00","og_image":[{"width":1200,"height":675,"url":"https:\/\/termocold.rs\/wp-content\/uploads\/2024\/12\/Untitled-design-2024-12-10T230716.312.png","type":"image\/png"}],"twitter_card":"summary_large_image","twitter_misc":{"Est. reading time":"5 minutes"},"schema":{"@context":"https:\/\/schema.org","@graph":[{"@type":"WebPage","@id":"https:\/\/termocold.rs\/?page_id=423","url":"https:\/\/termocold.rs\/?page_id=423","name":"Termo&Cold - Ventilacija | Klimatizacija | Grejanje | HVAC | bravarija | Konstrukcija | Podkonstrukcija","isPartOf":{"@id":"https:\/\/termocold.rs\/#website"},"datePublished":"2024-11-24T21:35:30+00:00","dateModified":"2026-03-17T22:11:34+00:00","description":"Termo&Cold - Ventilacija | Klimatizacija | Grejanje | HVAC | bravarija | Konstrukcija | Podkonstrukcija","breadcrumb":{"@id":"https:\/\/termocold.rs\/?page_id=423#breadcrumb"},"inLanguage":"en-US","potentialAction":[{"@type":"ReadAction","target":["https:\/\/termocold.rs\/?page_id=423"]}]},{"@type":"BreadcrumbList","@id":"https:\/\/termocold.rs\/?page_id=423#breadcrumb","itemListElement":[{"@type":"ListItem","position":1,"name":"Home","item":"https:\/\/termocold.rs\/"},{"@type":"ListItem","position":2,"name":"Kontakt"}]},{"@type":"WebSite","@id":"https:\/\/termocold.rs\/#website","url":"https:\/\/termocold.rs\/","name":"Termo&Cold - ventilacija, klimatizacija, grejanje","description":"Ventilacija | Klimatizacija | Grejanje","publisher":{"@id":"https:\/\/termocold.rs\/#organization"},"alternateName":"Ventilacija - klimatizacija - grejanje","potentialAction":[{"@type":"SearchAction","target":{"@type":"EntryPoint","urlTemplate":"https:\/\/termocold.rs\/?s={search_term_string}"},"query-input":{"@type":"PropertyValueSpecification","valueRequired":true,"valueName":"search_term_string"}}],"inLanguage":"en-US"},{"@type":"Organization","@id":"https:\/\/termocold.rs\/#organization","name":"Termo&Cold","alternateName":"Termo & Cold","url":"https:\/\/termocold.rs\/","logo":{"@type":"ImageObject","inLanguage":"en-US","@id":"https:\/\/termocold.rs\/#\/schema\/logo\/image\/","url":"https:\/\/termocold.rs\/wp-content\/uploads\/2024\/06\/cropped-logo-mali-1.jpg","contentUrl":"https:\/\/termocold.rs\/wp-content\/uploads\/2024\/06\/cropped-logo-mali-1.jpg","width":512,"height":512,"caption":"Termo&Cold"},"image":{"@id":"https:\/\/termocold.rs\/#\/schema\/logo\/image\/"},"sameAs":["https:\/\/www.companywall.rs\/firma\/termocold-doo\/MMtWHNfC","https:\/\/www.helloworld.rs\/kompanija\/TermoCold-d.o.o\/2857"]}]}},"_links":{"self":[{"href":"https:\/\/termocold.rs\/index.php?rest_route=\/wp\/v2\/pages\/423","targetHints":{"allow":["GET"]}}],"collection":[{"href":"https:\/\/termocold.rs\/index.php?rest_route=\/wp\/v2\/pages"}],"about":[{"href":"https:\/\/termocold.rs\/index.php?rest_route=\/wp\/v2\/types\/page"}],"author":[{"embeddable":true,"href":"https:\/\/termocold.rs\/index.php?rest_route=\/wp\/v2\/users\/1"}],"replies":[{"embeddable":true,"href":"https:\/\/termocold.rs\/index.php?rest_route=%2Fwp%2Fv2%2Fcomments&post=423"}],"version-history":[{"count":16,"href":"https:\/\/termocold.rs\/index.php?rest_route=\/wp\/v2\/pages\/423\/revisions"}],"predecessor-version":[{"id":591,"href":"https:\/\/termocold.rs\/index.php?rest_route=\/wp\/v2\/pages\/423\/revisions\/591"}],"wp:attachment":[{"href":"https:\/\/termocold.rs\/index.php?rest_route=%2Fwp%2Fv2%2Fmedia&parent=423"}],"curies":[{"name":"wp","href":"https:\/\/api.w.org\/{rel}","templated":true}]}}